{"id":29,"date":"2025-10-26T23:52:12","date_gmt":"2025-10-26T21:52:12","guid":{"rendered":"https:\/\/meikederoest.com\/?page_id=29"},"modified":"2026-01-20T00:10:19","modified_gmt":"2026-01-19T22:10:19","slug":"andere-podcasts","status":"publish","type":"page","link":"https:\/\/meikederoest.com\/?page_id=29","title":{"rendered":"Andere podcasts"},"content":{"rendered":"\n<p>Verschillende podcasts maakte ik in samenwerking met andere organisaties of via mijn werk voor het Brussels Kunstenoverleg (RABKO). <\/p>\n\n\n\n<h2 class=\"wp-block-heading\">Van ket tot Fanfakid: uit de buik van de stad<\/h2>\n\n\n\n<p>De Fanfakids: een groep Brusselse ketjes die al 25 jaar lang de straten van Brussel \u00e9n de wereld doen daveren met hun percussie. We praten met de oprichters, de begeleiders die ooit zelf Fanfakid waren, \u00e9n de jongeren van vandaag.<\/p>\n\n\n\n<p>In deze podcast neem je een duik in 25 jaar ritme, rebellie en verbondenheid. Ontdek hoe jonge drummers uit Molenbeek, Athene en Amsterdam samen muziek maken, grenzen doorbreken en de straat opeisen als hun podium.<\/p>\n\n\n\n<p><a href=\"https:\/\/on.soundcloud.com\/YycR21vkOrEjvQ2Rij\" target=\"_blank\" rel=\"noreferrer noopener\">Luister op Soundcloud.<\/a><\/p>\n\n\n\n<h4 class=\"wp-block-heading\"><strong>CREDITS<\/strong><\/h4>\n\n\n\n<p><strong>Concept &amp; realisatie<\/strong>: Meike de Roest &amp; Jan Ockerman<br><strong>Opname, montage &amp; mix<\/strong>: Delphine Dupont<br><strong>Met dank aan<\/strong>: Guyliano, Pride, Safoura, Simon De Rover en alle andere Fanfakids + Jalel, Bart, Yahya, Vital en Elke van MetX<\/p>\n\n\n\n<p><strong>Met de steun van<\/strong> VGC Jong in Brussel, Vlaanderen, Erasmus+, de Nationale Loterij en Atelier Graphoui<\/p>\n\n\n\n<h2 class=\"wp-block-heading\">Work in Progress<\/h2>\n\n\n\n<p>Een vijfdelige, tweetalige podcast over antiracisme in de culturele sector. Ik werk mee aan deze podcast via mijn werk voor het Brussels Kunstenoverleg (<a href=\"https:\/\/rabbko.be\/nl\/\" target=\"_blank\" rel=\"noreferrer noopener\">RABKO<\/a>). De podcast is gemaakt in samenwerking met <a href=\"https:\/\/africalia.be\/\" target=\"_blank\" rel=\"noreferrer noopener\">Africalia<\/a> en met technische ondersteuning van <a href=\"https:\/\/www.babelfishasbl.com\/\" target=\"_blank\" rel=\"noreferrer noopener\">Babelfish<\/a>.<\/p>\n\n\n\n<div id=\"wp-block-themeisle-blocks-accordion-0a4ce4ee\" class=\"wp-block-themeisle-blocks-accordion exclusive\">\n<details class=\"wp-block-themeisle-blocks-accordion-item\"><summary class=\"wp-block-themeisle-blocks-accordion-item__title\"><div>INTRO | In\u00e9galit\u00e9 sociale dans les arts \/ Sociale ongelijkheid in de kunsten<\/div><\/summary><div class=\"wp-block-themeisle-blocks-accordion-item__content\">\n<p>Avec la chercheuse Carla Mascia (ULB), cette session \u00e9tablit un \u00e9tat des lieux du secteur culturel bruxellois en mettant en lumi\u00e8re les obstacles li\u00e9s au racisme et aux in\u00e9galit\u00e9s sociales.<\/p>\n\n\n\n<p>Het onderzoek Inequal Arts bekijkt de loopbanen van kunstenaars vanuit een intersectioneel perspectief, met aandacht voor geslacht, etnische afkomst en sociale klasse.<\/p>\n\n\n\n<p><a href=\"https:\/\/open.spotify.com\/episode\/2h2oknKi0rqoK6tjho9fct?si=MjoqZcAxT1uTYywMm3Jtxw\" data-type=\"link\" data-id=\"https:\/\/open.spotify.com\/episode\/2h2oknKi0rqoK6tjho9fct?si=MjoqZcAxT1uTYywMm3Jtxw\" target=\"_blank\" rel=\"noreferrer noopener\">Luister op Spotify.<\/a><\/p>\n<\/div><\/details>\n\n\n\n<details class=\"wp-block-themeisle-blocks-accordion-item\"><summary class=\"wp-block-themeisle-blocks-accordion-item__title\"><div>ESPACES &amp; PUBLICS | Accessibilit\u00e9 culturelle \/ Culturele toegankelijkheid<\/div><\/summary><div class=\"wp-block-themeisle-blocks-accordion-item__content\">\n<p>Dans ce deuxi\u00e8me \u00e9pisode, Loubna El Wahabi (Espace Magh), Elen Sylla (Atelier Graphoui) et Karim Akalay (Centre Vid\u00e9o de Bruxelles) d\u00e9battent des pratiques de m\u00e9diation culturelle et de leurs effets d&rsquo;inclusion \u2013 ou exclusion \u2013 aux espaces culturels. Quels obstacles culturels, sociaux ou linguistiques entravent cette ouverture ?<\/p>\n\n\n\n<p>Het gesprek onderzoekt de belemmeringen in de culturele sector en bespreekt strategie\u00ebn voor meer toegankelijkheid.<\/p>\n\n\n\n<p><a href=\"https:\/\/open.spotify.com\/episode\/053T9sXbduSdJCzK8nKnp8?si=cGy0IVM1Rb6scAgZ56Mlxg\" data-type=\"link\" data-id=\"https:\/\/open.spotify.com\/episode\/053T9sXbduSdJCzK8nKnp8?si=cGy0IVM1Rb6scAgZ56Mlxg\" target=\"_blank\" rel=\"noreferrer noopener\">Luister op Spotify.<\/a><\/p>\n<\/div><\/details>\n\n\n\n<details class=\"wp-block-themeisle-blocks-accordion-item\"><summary class=\"wp-block-themeisle-blocks-accordion-item__title\"><div>PROGRAMMATION &amp; PARTENARIATS | PROGRAMMATIE &amp; PARTNERSCHAPPEN<\/div><\/summary><div class=\"wp-block-themeisle-blocks-accordion-item__content\">\n<p>Multidisciplinair kunstenaar en hiphopartiest Pitcho, antiracistisch activiste Mireille-Tsheusi Robert (F\u00e9m\u00efya) en Cyriel Lucas van Th\u00e9\u00e2tre de la Vie spreken over inclusie in cultuur, door quota in programmatie, een gemis aan representatie van de Belgische hiphopscene in culturele instellingen en tokenisme. Hoe kunnen programmatie en partnerschappen bijdragen in de strijd voor gelijkheid en tegen discriminatie?<\/p>\n\n\n\n<p><a href=\"https:\/\/open.spotify.com\/episode\/5igJ0DXPlgfF6fKhhf76Rz?si=F_0kNmncTMOnFTfQVsyiCA\" data-type=\"link\" data-id=\"https:\/\/open.spotify.com\/episode\/5igJ0DXPlgfF6fKhhf76Rz?si=F_0kNmncTMOnFTfQVsyiCA\" target=\"_blank\" rel=\"noreferrer noopener\">Luister op Spotify.<\/a><\/p>\n<\/div><\/details>\n\n\n\n<details class=\"wp-block-themeisle-blocks-accordion-item\"><summary class=\"wp-block-themeisle-blocks-accordion-item__title\"><div>PERSONNEL &amp; GOUVERNANCE | HR &amp; BELEID<\/div><\/summary><div class=\"wp-block-themeisle-blocks-accordion-item__content\">\n<p>Nadia El Boubsi &amp; Barbara Van Lindt (Kaaitheater) en experten A\u00efda Yancy en Lyne Bnc spreken over antiracisme in de cultuursector: doorbreken van machtsdynamieken, en tegengaan van systemische vooroordelen in bestuursorganen en sollicitatieprocedures. Comment l&rsquo;inclusion dans le personnel et des politiques plus \u00e9quitables peuvent-ils contribuer \u00e0 la lutte pour l\u2019\u00e9galit\u00e9 et contre les discriminations ?<\/p>\n\n\n\n<p><a href=\"https:\/\/open.spotify.com\/episode\/67aPiSio8GOyu2GKSSIejG?si=GqZUIWxtSwqgE7RqohEjRw\" data-type=\"link\" data-id=\"https:\/\/open.spotify.com\/episode\/67aPiSio8GOyu2GKSSIejG?si=GqZUIWxtSwqgE7RqohEjRw\" target=\"_blank\" rel=\"noreferrer noopener\">Luister op Spotify.<\/a><\/p>\n<\/div><\/details>\n\n\n\n<details class=\"wp-block-themeisle-blocks-accordion-item\"><summary class=\"wp-block-themeisle-blocks-accordion-item__title\"><div>LIVE | Mediation &amp; Programmation | Publieksbemiddeling &amp; programmatie<\/div><\/summary><div class=\"wp-block-themeisle-blocks-accordion-item__content\">\n<p>Serenella Martufi (Medeber Teatro), Aminata Demba (com\u00e9dienne) et Cathy Min Jung (Le Rideau) croisent leurs exp\u00e9riences autour de deux leviers essentiels pour une culture plus inclusive : la programmation et la m\u00e9diation.<\/p>\n\n\n\n<p>Wat is vandaag de dag de relatie tussen publieksbemiddeling en programmatie? Hoe kunnen we ervoor zorgen dat deze thema&rsquo;s daadwerkelijk inclusiviteit dienen &#8211; en niet andersom?<\/p>\n\n\n\n<p><a href=\"https:\/\/open.spotify.com\/episode\/20E8nk4F191bCvIVWbcque?si=cXTs39srT9m4d6a0pdSCLQ\" data-type=\"link\" data-id=\"https:\/\/open.spotify.com\/episode\/20E8nk4F191bCvIVWbcque?si=cXTs39srT9m4d6a0pdSCLQ\" target=\"_blank\" rel=\"noreferrer noopener\">Luister op Spotify.<\/a><\/p>\n<\/div><\/details>\n\n\n\n<details class=\"wp-block-themeisle-blocks-accordion-item\"><summary class=\"wp-block-themeisle-blocks-accordion-item__title\"><div>LIVE | In\u00e9galit\u00e9s d\u2019acc\u00e8s aux subsides | Ongelijke toegang tot subsidies<\/div><\/summary><div class=\"wp-block-themeisle-blocks-accordion-item__content\">\n<p>Dans le cadre de la collaboration&nbsp;Work in Progress x Caf\u00e9 de la RAC, ce nouvel \u00e9pisode donne la parole \u00e0&nbsp;Ramos David&nbsp;(SPReeKuuR),&nbsp;Camille Philippot&nbsp;(Get Down) et&nbsp;Juan Rossi&nbsp;(artiste), pour croiser leurs regards sur les&nbsp;in\u00e9galit\u00e9s d&rsquo;acc\u00e8s aux subventions dans le secteur culturel.<\/p>\n\n\n\n<p>\u00c0 partir de leurs exp\u00e9riences respectives \u2014 accompagnement d&rsquo;artistes \u00ab sous le radar \u00bb, danse hip-hop, parcours hybrides \u2014 la discussion relie les constats structurels&nbsp;aux&nbsp;r\u00e9alit\u00e9s concr\u00e8tes du terrain.<\/p>\n\n\n\n<p>Wie geraakt er vandaag door de selectie? Welke drempels blijven bestaan, en voor wie? En hoe kunnen we voorbij de vaststellingen denken aan andere vormen van ondersteuning, solidariteit en toegang tot middelen?<\/p>\n\n\n\n<p><a href=\"https:\/\/open.spotify.com\/episode\/32pYmAEMPwp9JK2AFPJtzg?si=nrJhSsSXRuS7aZPtNme_Jw\" target=\"_blank\" rel=\"noreferrer noopener\">Luister op Spotify.<\/a><\/p>\n<\/div><\/details>\n<\/div>\n\n\n\n<figure class=\"wp-block-image alignwide size-large\"><img loading=\"lazy\" decoding=\"async\" width=\"1024\" height=\"504\" src=\"https:\/\/meikederoest.com\/wp-content\/uploads\/2025\/10\/DSC04035-1-scaled-e1761595069570-1024x504.jpg\" alt=\"\" class=\"wp-image-85\" srcset=\"https:\/\/meikederoest.com\/wp-content\/uploads\/2025\/10\/DSC04035-1-scaled-e1761595069570-1024x504.jpg 1024w, https:\/\/meikederoest.com\/wp-content\/uploads\/2025\/10\/DSC04035-1-scaled-e1761595069570-300x148.jpg 300w, https:\/\/meikederoest.com\/wp-content\/uploads\/2025\/10\/DSC04035-1-scaled-e1761595069570-768x378.jpg 768w, https:\/\/meikederoest.com\/wp-content\/uploads\/2025\/10\/DSC04035-1-scaled-e1761595069570-1536x756.jpg 1536w, https:\/\/meikederoest.com\/wp-content\/uploads\/2025\/10\/DSC04035-1-scaled-e1761595069570-2048x1008.jpg 2048w\" sizes=\"auto, (max-width: 1024px) 100vw, 1024px\" \/><\/figure>\n\n\n\n<h2 class=\"wp-block-heading\">Fika omringt<\/h2>\n\n\n\n<div id=\"wp-block-themeisle-blocks-advanced-columns-19d80411\" class=\"wp-block-themeisle-blocks-advanced-columns has-2-columns has-desktop-oneTwo-layout has-tablet-equal-layout has-mobile-collapsedRows-layout has-vertical-unset\"><div class=\"wp-block-themeisle-blocks-advanced-columns-overlay\"><\/div><div class=\"innerblocks-wrap\">\n<div id=\"wp-block-themeisle-blocks-advanced-column-66c1e560\" class=\"wp-block-themeisle-blocks-advanced-column\">\n<p>Mathias Sercu en zijn broers Sam en Kobe hebben alle drie op een andere manier te maken met ziekte. De broers vertellen hoe ze door verbinding en creativiteit weerbaar blijven tegen stress en ziekte.<\/p>\n\n\n\n<p>Podcast gemaakt op de Belevingsdag van het Fika huis. Meer info op <a href=\"https:\/\/fika-huis.be\/\" target=\"_blank\" rel=\"noreferrer noopener\">www.fika-huis.be<\/a>.<\/p>\n<\/div>\n\n\n\n<div id=\"wp-block-themeisle-blocks-advanced-column-6ecbd997\" class=\"wp-block-themeisle-blocks-advanced-column\">\n<figure class=\"wp-block-image size-large\"><img loading=\"lazy\" decoding=\"async\" width=\"1024\" height=\"768\" src=\"https:\/\/meikederoest.com\/wp-content\/uploads\/2025\/10\/394684648_714564147377002_6128059819163343526_n-1024x768.jpg\" alt=\"\" class=\"wp-image-62\" srcset=\"https:\/\/meikederoest.com\/wp-content\/uploads\/2025\/10\/394684648_714564147377002_6128059819163343526_n-1024x768.jpg 1024w, https:\/\/meikederoest.com\/wp-content\/uploads\/2025\/10\/394684648_714564147377002_6128059819163343526_n-300x225.jpg 300w, https:\/\/meikederoest.com\/wp-content\/uploads\/2025\/10\/394684648_714564147377002_6128059819163343526_n-768x576.jpg 768w, https:\/\/meikederoest.com\/wp-content\/uploads\/2025\/10\/394684648_714564147377002_6128059819163343526_n-1536x1152.jpg 1536w, https:\/\/meikederoest.com\/wp-content\/uploads\/2025\/10\/394684648_714564147377002_6128059819163343526_n.jpg 1600w\" sizes=\"auto, (max-width: 1024px) 100vw, 1024px\" \/><\/figure>\n<\/div>\n<\/div><\/div>\n\n\n\n<p>Live opname gemaakt op 22 oktober 2023 tijdens de Fika Belevingsdag.&nbsp;<\/p>\n\n\n\n<figure class=\"wp-block-embed is-type-rich is-provider-spotify wp-block-embed-spotify wp-embed-aspect-21-9 wp-has-aspect-ratio\"><div class=\"wp-block-embed__wrapper\">\n<iframe title=\"Spotify Embed: Broers Sercu: &amp;apos;Verbinding als antwoord op stress en ziekte&amp;apos;\" style=\"border-radius: 12px\" width=\"100%\" height=\"152\" frameborder=\"0\" allowfullscreen allow=\"autoplay; clipboard-write; encrypted-media; fullscreen; picture-in-picture\" loading=\"lazy\" src=\"https:\/\/open.spotify.com\/embed\/episode\/638n84PNE7WUNNhRLZmK0n?si=QNwcciqGTiCgqd1HOwdlRA&amp;utm_source=oembed\"><\/iframe>\n<\/div><\/figure>\n","protected":false},"excerpt":{"rendered":"<p>Verschillende podcasts maakte ik in samenwerking met andere organisaties of via mijn werk voor het Brussels Kunstenoverleg (RABKO). Van ket tot Fanfakid: uit de buik van de stad De Fanfakids: een groep Brusselse ketjes die al 25 jaar lang de straten van Brussel \u00e9n de wereld doen daveren met hun percussie. We praten met de [&hellip;]<\/p>\n","protected":false},"author":1,"featured_media":0,"parent":0,"menu_order":0,"comment_status":"closed","ping_status":"closed","template":"","meta":{"_themeisle_gutenberg_block_has_review":false,"footnotes":""},"class_list":["post-29","page","type-page","status-publish","hentry"],"_links":{"self":[{"href":"https:\/\/meikederoest.com\/index.php?rest_route=\/wp\/v2\/pages\/29","targetHints":{"allow":["GET"]}}],"collection":[{"href":"https:\/\/meikederoest.com\/index.php?rest_route=\/wp\/v2\/pages"}],"about":[{"href":"https:\/\/meikederoest.com\/index.php?rest_route=\/wp\/v2\/types\/page"}],"author":[{"embeddable":true,"href":"https:\/\/meikederoest.com\/index.php?rest_route=\/wp\/v2\/users\/1"}],"replies":[{"embeddable":true,"href":"https:\/\/meikederoest.com\/index.php?rest_route=%2Fwp%2Fv2%2Fcomments&post=29"}],"version-history":[{"count":7,"href":"https:\/\/meikederoest.com\/index.php?rest_route=\/wp\/v2\/pages\/29\/revisions"}],"predecessor-version":[{"id":215,"href":"https:\/\/meikederoest.com\/index.php?rest_route=\/wp\/v2\/pages\/29\/revisions\/215"}],"wp:attachment":[{"href":"https:\/\/meikederoest.com\/index.php?rest_route=%2Fwp%2Fv2%2Fmedia&parent=29"}],"curies":[{"name":"wp","href":"https:\/\/api.w.org\/{rel}","templated":true}]}}